{"id":3,"date":"2019-01-21T23:04:01","date_gmt":"2019-01-21T22:04:01","guid":{"rendered":"https:\/\/susannerubin.de\/?page_id=3"},"modified":"2019-04-25T20:17:48","modified_gmt":"2019-04-25T19:17:48","slug":"datenschutz","status":"publish","type":"page","link":"https:\/\/susannerubin.de\/?page_id=3","title":{"rendered":"Datenschutzerkl\u00e4rung"},"content":{"rendered":"\n<h2 class=\"wp-block-heading\"><\/h2>\n\n\n\n<p>Adresse, f\u00fcr die diese Datenschutzerkl\u00e4rung gilt: https:\/\/susannerubin.de und die Facebook Fanpage https:\/\/facebook.com\/susannerubin.autorin<\/p>\n\n\n\n<h5 class=\"wp-block-heading\">Welche personenbezogenen Daten werden wozu erhoben<\/h5>\n\n\n\n<p><\/p>\n\n\n\n<h5 class=\"wp-block-heading\">Kommentare<\/h5>\n\n\n\n<p>Auf dieser Seite ist das Hinterlassen von Kommentaren nicht m\u00f6glich. Es werden demnach auch keine personenbezogenen Daten erfasst.<\/p>\n\n\n\n<h5 class=\"wp-block-heading\" id=\"mce_15\">Kommentare, &#8222;Gef\u00e4llt mir&#8220; und Facebook Fanpage<\/h5>\n\n\n\n<p>Auf der o.g. Facebook Fanpage k\u00f6nnen Kommentare und &#8222;Gef\u00e4llt mir&#8220;-Angaben hinterlassen werden. Hierzu werden u.a. die Namen des Verfassers eines Kommentars oder des &#8222;likenden Benutzers&#8220; bei Facebook gespeichert.  Detaillierte Informationen dar\u00fcber gibt Facebook in seinen eigenen Datenschutzhinweisen ausf\u00fchrlich hier ab: https:\/\/www.facebook.com\/privacy\/explanation. <\/p>\n\n\n\n<p>Es wird ausdr\u00fccklich darauf hingewiesen, dass auf dieser Website kein &#8222;Gef\u00e4llt mir&#8220; Button oder sonstige Plugins (Skripte) von Facebook oder anderen sozialen Netzwerken verbaut sind. Somit werden auch keine Daten von &#8222;Facebooknutzern&#8220; oder auch &#8222;Nicht-Facebooknutzern&#8220; &#8211; oder anderen Netzwerken &#8211; an Dritte \u00fcbermittelt. <\/p>\n\n\n\n<p>Das bedeutet, dass lediglich Personen mit einem Account bei Facebook mit der Fanpage der Autorin unter der o.g. Adresse interagieren und auf dieser Bilder und Texte kommentieren k\u00f6nnen. Dazu geh\u00f6rt auch die Kommentieren-Funktion innerhalb der Facebook Fanpage, bei der Ihr Name und Ihr Profilfoto angezeigt werden kann. In diesem Fall haben Sie bei Facebook der Datenschutzerkl\u00e4rung und der Verarbeitung Ihrer Daten jedoch bereits zugestimmt. Nur so ist die Nutzung der Fanpage m\u00f6glich. Hierzu hat Facebook eine Seite mit den wichtigen Informationen beim Besuchen von Facebook Fanpages erstellt. Diese kann hier eingesehen werden: https:\/\/www.facebook.com\/legal\/terms\/information_about_page_insights_data. Ihre Daten sind in dem Fall bei Facebook gespeichert. Im Rahmen des Facebook &#8222;Insight&#8220; (Analyse) Produkts werden lediglich die Zugriffe auf die Fanpage von dem betreiber DIESER Website gelegentlich anonymisiert ausgewertet. Dies dient allein der \u00dcbersicht der Zugriffe auf die Facebook Fanpage. Daten werden von dieser Website dazu nicht gespeichert, von Facebook nicht exportiert und zu sonstigen Zwecken analysiert, nicht verkauft, nicht f\u00fcr Werbezwecke genutzt oder aus sonstigen Gr\u00fcnden weitergegeben.<\/p>\n\n\n\n<p>Im Fu\u00dfbereich dieser Seite ist lediglich ein Link zur Facebook Fanpage der Autorin hinterlegt.<\/p>\n\n\n\n<h5 class=\"wp-block-heading\" id=\"mce_17\">Kommentare und &#8222;Likes&#8220; auf  Instagram<\/h5>\n\n\n\n<p>Auf der Instagram Seite der Autorin k\u00f6nnen Kommentare und &#8222;Likes&#8220;-Angaben (Herz unter einem Bild oder Video anklicken) hinterlassen werden. Hierzu werden u.a. die Namen des Verfassers eines Kommentars oder des &#8222;likenden Benutzers&#8220; bei Instagram gespeichert. <\/p>\n\n\n\n<p>Auf dieser Seiten sind jedoch keine Funktionen vom Anbieter Instagram verbaut. Instagram ist ein Dienst, der angeboten wird von Instagram Inc.,  1601 Willow Road, Menlo Park, CA, 94025, USA. <\/p>\n\n\n\n<p>Sofern Sie in einen Instagramaccount eingeloggt sind, k\u00f6nnen Sie den Account der Autorin finden und durch Anklicken des Herzens ein &#8222;like&#8220; hinterlassen. Ebenso k\u00f6nnen Sie Kommentare unter den dort angezeigten Bildern oder Videos hinterlassen. Weitere Informationen hierzu finden Sie in der Datenschutzerkl\u00e4rung von Instagram: http:\/\/instagram.com\/about\/legal\/privacy\/<\/p>\n\n\n\n<p>Da auf DIESER Seite keinerlei Dienste von Instagram in Form von Plugins (Skripte) verbaut sind, kann Instagram den Besuch DIESER Seite Ihrem  Benutzerkonto nicht zuordnen. Es wird ausdr\u00fccklich darauf hingewiesen, dass diese Seite keinerlei Informationen an Instagram oder andere soziale Netzwerke sendet oder Ihre Daten auf sonstige Weise verarbeitet.<\/p>\n\n\n\n<p>Im Fu\u00dfbereich dieser Seite ist lediglich ein Link zur Instagram Seite der Autorin hinterlegt.<\/p>\n\n\n\n<h5 class=\"wp-block-heading\">Medien<\/h5>\n\n\n\n<p>Da von Ihnen keine Bilder hochgeladen werden k\u00f6nnen werden auch keine Daten in Form von Bild, Ton und\/oder Standortdaten erfasst.<\/p>\n\n\n\n<h5 class=\"wp-block-heading\">Kontaktformular und E-Mail Kontakt<\/h5>\n\n\n\n<p>Sollten Sie \u00fcber die Kontaktseite eine E-Mail oder einen Brief\/Fax an die genannte Stelle \u00fcbermitteln, so werden die E-Mail, die E-Mail Adresse, Ihr Name und ggf. Ihr postalisches Anschreiben oder Fax enstprechend der DSGVO abgelegt und allein f\u00fcr den Zweck der Beantwortung genutzt. Sollten Sie diese Art der Daten (Brief, Adressdaten und Namen aus dem Anschreiben) vernichtet wissen, so teilen Sie bitte dieses in Ihrem Anschreiben mit.<\/p>\n\n\n\n<h5 class=\"wp-block-heading\">Cookies<\/h5>\n\n\n\n<p>Folgender Cookie wird zur Speicherung Ihrer Privatsph\u00e4reeinstellung gespeichert: viewed_cookie_policy. Dieser Cookie dient dazu zu pr\u00fcfen, ob Sie die Privatsph\u00e4reneinstellungen akzeptiert oder abgelehnt haben. Dieses Cookie speichert keine personenbezogenen Daten, lediglich den Inhalt &#8222;Yes&#8220; oder &#8222;No&#8220; zu Ihrer Einverst\u00e4ndniserkl\u00e4rung, das Datum an dem es erstellt wurde und ein Ablaufdatum (Cookie bleibt 1 Jahr gespeichert).<br>Dieses Cookie l\u00f6scht sich zwar von selbst nach 1 Jahr, kann aber \u00fcber die Browsereinstellungen manuell jederzeit gel\u00f6scht werden.<\/p>\n\n\n\n<h5 class=\"wp-block-heading\">Eingebundener Inhalt von anderen Seiten<\/h5>\n\n\n\n<p>Die Website k\u00f6nnte eingebundene Inhalte, wie Videos, Bilder oder Zitate enthalten. Inhalte anderer Websites verhalten sich so, als w\u00fcrden Sie die andere Website besucht haben.<\/p>\n\n\n\n<p>Diese anderen Websites k\u00f6nnten Daten von Ihnen sammeln, Cookies nutzen oder auch Trackingsoftware von Drittanbietern nutzen. Hierdurch k\u00f6nnten die anderen Websites nachverfolgen, wie Sie mit dem Inhalt interagiert haben, vor allem, wenn Sie auf der Fremdseite ein Konto besitzen und sich z.B. eingeloggt haben.<\/p>\n\n\n\n<h5 class=\"wp-block-heading\">Analytics<\/h5>\n\n\n\n<p>Diese Website beh\u00e4lt sich vor, den Dienst &#8222;Google Analytics&#8220;, welcher von der  Google Inc. (1600 Amphitheatre Parkway Mountain View, CA 94043, USA) angeboten wird, zur Analyse der Websitebenutzung durch Nutzer zu benutzen. Der Dienst verwendet &#8222;Cookies&#8220;  \u2013 Textdateien, welche auf Ihrem Endger\u00e4t gespeichert werden. Die durch  die Cookies gesammelten Informationen werden im Regelfall an einen  Google-Server in den USA gesandt und dort gespeichert. <\/p>\n\n\n\n<p>Auf dieser Website greift die IP-Anonymisierung. Die IP-Adresse der \nNutzer wird innerhalb der Mitgliedsstaaten der EU und des Europ\u00e4ischen \nWirtschaftsraum gek\u00fcrzt. Durch diese K\u00fcrzung entf\u00e4llt der Personenbezug \nIhrer IP-Adresse. Im Rahmen der Vereinbarung zur \nAuftragsdatenvereinbarung, welche die Websitebetreiber mit der Google \nInc. geschlossen haben, erstellt diese mithilfe der gesammelten \nInformationen eine Auswertung der Websitenutzung und der \nWebsiteaktivit\u00e4t und erbringt mit der Internetnutzung verbundene \nDienstleistungen.<\/p>\n\n\n\n<p>Sie haben die M\u00f6glichkeit, die Speicherung des Cookies auf Ihrem \nGer\u00e4t zu verhindern, indem Sie in Ihrem Browser entsprechende \nEinstellungen vornehmen. Es ist nicht gew\u00e4hrleistet, dass Sie auf alle \nFunktionen dieser Website ohne Einschr\u00e4nkungen zugreifen k\u00f6nnen, wenn \nIhr Browser keine Cookies zul\u00e4sst.<\/p>\n\n\n\n<p>Weiterhin k\u00f6nnen Sie durch ein Browser-Plugin verhindern, dass die  durch Cookies gesammelten Informationen (inklusive Ihrer IP-Adresse) an  die Google Inc. gesendet und von der Google Inc. genutzt werden.  Folgender Link f\u00fchrt Sie zu dem entsprechenden Plugin: https:\/\/tools.google.com\/dlpage\/gaoptout?hl=de<br>Hier finden Sie weitere Informationen zur Datennutzung durch die Google  Inc.: https:\/\/support.google.com\/analytics\/answer\/6004245?hl=de <\/p>\n\n\n\n<p>Diese Seite h\u00e4lt sich vor auch auf das Tracking mit Google Analytics jederzeit zu verzichten. In dem Fall werden keinerlei Daten erfasst.<br><\/p>\n\n\n\n<h5 class=\"wp-block-heading\">Mit wem Ihre Daten geteilt werden<\/h5>\n\n\n\n<p>Ihre Daten werden mit keiner Dritten partei geteilt. Keine Daten werden zu werblichen oder aus anderen Interessen verkauft, versteigert oder in sonst irgendeiner Form weitergegeben.<\/p>\n\n\n\n<h5 class=\"wp-block-heading\">Wie lange Ihre Daten gespeichert werden<\/h5>\n\n\n\n<p>Diese Seite sammelt keine Daten, bis auf das unter Kapitel &#8222;Cookies&#8220; (s.o.) genannte Cookie f\u00fcr die Privatsph\u00e4reneinstellung.<\/p>\n\n\n\n<h5 class=\"wp-block-heading\">Welche Rechte Sie \u00fcber Ihre Daten haben<\/h5>\n\n\n\n<p>Sie haben jederzeit Anrecht \u00fcber die Herausgabe aller \u00fcber Sie gespeicherten Daten. Da diese Website keine Daten von Ihnen speichert, k\u00f6nnen auch keine Daten an Sie \u00fcber Sie herausgegeben werden, sollten Sie eine Anfrage auf Auskunft \u00fcber die von Ihnen gespeicherten Daten stellen. Diese Website soll ausschlie\u00dflich dem Bereitstellen von Informationen dienen.<\/p>\n\n\n\n<p>Sollte es in Zukunft dazu kommen, dass Daten von Personen gespeichert und verarbeitet werden sollen, so wird dieses hier aufgef\u00fchrt werden. In dem Fall h\u00e4tten Sie nat\u00fcrlich jederzeit das Anrecht auf Auskunt und auf L\u00f6schung Ihrer personenbezogenen Daten. Der Formhalber wird aber darauf hingewiesen, dass in dem Fall, fals personenbezogene Daten erhoben und gespeichert werden, nur die Daten gel\u00f6scht werden, die nicht mit administrativen, rechtlichen oder sicherheitsbezogenen Belange in Konflikt stehen.<\/p>\n\n\n\n<h5 class=\"wp-block-heading\">Wohin Ihre Daten gesendet werden<\/h5>\n\n\n\n<p>Sofern Daten erhoben werden, werden diese nicht an Dritte weitergegegeben. Die ggf. durch Analytetools gespeicherten Daten k\u00f6nnten entsprechend der Erl\u00e4uterung unter &#8222;Analytics&#8220; weitergesendet werden. Sie dienen jedoch nur der allgemeinen Auswertung der Anzahl von Zugriffen auf diese Seite und sind anonymisiert. Es handelt sich in dem Fall nicht um personenbezogene Daten.  <\/p>\n\n\n\n<h5 class=\"wp-block-heading\">Kontaktinformationen<\/h5>\n\n\n\n<p>Bitte entnehmen Sie den Kontakt f\u00fcr jegliche datenschutzrelevante Anfrage  <a href=\"?page_id=39\">der Kontaktseite<\/a>. Vielen Dank<\/p>\n\n\n\n<h5 class=\"wp-block-heading\">Wie Ihre Daten gesch\u00fctzt werden<\/h5>\n\n\n\n<p>Sofern Daten von Ihnen erhoben werden (s.o.), unterliegen diese der europ\u00e4ischen Datenschutzgrundverordnung. Der Zugriff selbst auf die rudiment\u00e4ren Daten sind zugriffsbeschr\u00e4nkt und nicht \u00f6ffentlich verf\u00fcgbar. Da diese Daten ausnahmslos anonymisiert vorliegen (sofern unter &#8222;Analytics&#8220; beschrieben), ist keine Nutzung personenbezogener Daten m\u00f6glich und gewollt.<\/p>\n\n\n\n<h5 class=\"wp-block-heading\">Was passiert bei einem Datenbruch<\/h5>\n\n\n\n<p>Sofern Daten von Ihnen erhoben, gespeichert oder auch verarbeitet wurden, und sollte es zu einem Datenbruch kommen, so wird dieser Vorfall Ihnen und der ensprechend der DSGVO geregelten verantwortlichen Stelle gemeldet.<\/p>\n\n\n\n<h5 class=\"wp-block-heading\">Von welchen Drittanbietern Daten erhalten werden<\/h5>\n\n\n\n<p>Diese Website erh\u00e4lt von keiner externen Drittanbieterstelle, weder direkt noch indirekt, weder \u00fcber Abfragen noch \u00fcber irgendwelche Schnittstellen Daten von Ihnen.<\/p>\n\n\n\n<h5 class=\"wp-block-heading\">Welche automatisierten Verfahren oder welche Form von Profiling mit Userdaten vorgenommen werden<\/h5>\n\n\n\n<p>Es werden solche Verfahren auf dieser Seite nicht angewendet.<\/p>\n","protected":false},"excerpt":{"rendered":"<p>Adresse, f\u00fcr die diese Datenschutzerkl\u00e4rung gilt: https:\/\/susannerubin.de und die Facebook Fanpage https:\/\/facebook.com\/susannerubin.autorin Welche personenbezogenen Daten werden wozu erhoben Kommentare Auf dieser Seite ist das Hinterlassen von Kommentaren nicht m\u00f6glich. Es werden demnach auch keine personenbezogenen Daten erfasst. Kommentare, &#8222;Gef\u00e4llt mir&#8220; und Facebook Fanpage Auf der o.g. Facebook Fanpage k\u00f6nnen Kommentare und &#8222;Gef\u00e4llt mir&#8220;-Angaben hinterlassen werden. [&hellip;]<\/p>\n","protected":false},"author":2,"featured_media":0,"parent":0,"menu_order":0,"comment_status":"closed","ping_status":"closed","template":"","meta":{"_genesis_hide_title":false,"_genesis_hide_breadcrumbs":false,"_genesis_hide_singular_image":false,"_genesis_hide_footer_widgets":false,"_genesis_custom_body_class":"","_genesis_custom_post_class":"","_genesis_layout":"","footnotes":""},"class_list":{"0":"post-3","1":"page","2":"type-page","3":"status-publish","5":"entry"},"_links":{"self":[{"href":"https:\/\/susannerubin.de\/index.php?rest_route=\/wp\/v2\/pages\/3","targetHints":{"allow":["GET"]}}],"collection":[{"href":"https:\/\/susannerubin.de\/index.php?rest_route=\/wp\/v2\/pages"}],"about":[{"href":"https:\/\/susannerubin.de\/index.php?rest_route=\/wp\/v2\/types\/page"}],"author":[{"embeddable":true,"href":"https:\/\/susannerubin.de\/index.php?rest_route=\/wp\/v2\/users\/2"}],"replies":[{"embeddable":true,"href":"https:\/\/susannerubin.de\/index.php?rest_route=%2Fwp%2Fv2%2Fcomments&post=3"}],"version-history":[{"count":34,"href":"https:\/\/susannerubin.de\/index.php?rest_route=\/wp\/v2\/pages\/3\/revisions"}],"predecessor-version":[{"id":698,"href":"https:\/\/susannerubin.de\/index.php?rest_route=\/wp\/v2\/pages\/3\/revisions\/698"}],"wp:attachment":[{"href":"https:\/\/susannerubin.de\/index.php?rest_route=%2Fwp%2Fv2%2Fmedia&parent=3"}],"curies":[{"name":"wp","href":"https:\/\/api.w.org\/{rel}","templated":true}]}}